{"id":669,"date":"2019-02-18T14:06:02","date_gmt":"2019-02-18T14:06:02","guid":{"rendered":"https:\/\/www.moblesgallent.com\/?page_id=669"},"modified":"2024-01-22T11:12:46","modified_gmt":"2024-01-22T11:12:46","slug":"fabricacion-de-muebles-de-cocina-tarragona","status":"publish","type":"page","link":"https:\/\/www.moblesgallent.com\/ca\/fabricacion-de-muebles-de-cocina-tarragona\/","title":{"rendered":"Fabricaci\u00f3n de muebles de cocina Tarragona"},"content":{"rendered":"<p>[et_pb_section fb_built=\u00bb1&#8243; _builder_version=\u00bb4.16&#8243; _module_preset=\u00bbdefault\u00bb background_image=\u00bbhttps:\/\/www.moblesgallent.com\/wp-content\/uploads\/2021\/04\/muebles-de-cocina-negras-en-tarragona.jpg\u00bb custom_padding=\u00bb130px||127px|||\u00bb locked=\u00bboff\u00bb global_colors_info=\u00bb{}\u00bb][et_pb_row _builder_version=\u00bb4.16&#8243; _module_preset=\u00bbdefault\u00bb background_color=\u00bbrgba(255,255,255,0.78)\u00bb custom_padding=\u00bb|1em||1em|false|true\u00bb global_colors_info=\u00bb{}\u00bb][et_pb_column type=\u00bb4_4&#8243; _builder_version=\u00bb4.16&#8243; _module_preset=\u00bbdefault\u00bb global_colors_info=\u00bb{}\u00bb][et_pb_text _builder_version=\u00bb4.16&#8243; text_font=\u00bb|||||on|||\u00bb text_font_size=\u00bb24px\u00bb text_line_height=\u00bb1.8em\u00bb header_font=\u00bb|300||on|||||\u00bb text_orientation=\u00bbcenter\u00bb text_font_size_tablet=\u00bb\u00bb text_font_size_phone=\u00bb\u00bb text_font_size_last_edited=\u00bbon|desktop\u00bb global_colors_info=\u00bb{}\u00bb]<\/p>\n<h1 style=\"text-align: center;\"><strong>Fabricaci\u00f3n de muebles de cocina Tarragona<\/strong><\/h1>\n<p style=\"text-align: center;\">En <strong>MOBLES GALLENT<\/strong> somos expertos en la fabricaci\u00f3n de muebles de cocina en Tarragona.<\/p>\n<p>[\/et_pb_text][et_pb_button button_url=\u00bb@ET-DC@eyJkeW5hbWljIjp0cnVlLCJjb250ZW50IjoicG9zdF9saW5rX3VybF9wYWdlIiwic2V0dGluZ3MiOnsicG9zdF9pZCI6IjIxNiJ9fQ==@\u00bb button_text=\u00bbSolicita m\u00e1s informaci\u00f3n\u00bb button_alignment=\u00bbcenter\u00bb _builder_version=\u00bb4.16&#8243; _dynamic_attributes=\u00bbbutton_url\u00bb _module_preset=\u00bbdefault\u00bb custom_button=\u00bbon\u00bb button_use_icon=\u00bboff\u00bb global_colors_info=\u00bb{}\u00bb][\/et_pb_button][\/et_pb_column][\/et_pb_row][\/et_pb_section][et_pb_section fb_built=\u00bb1&#8243; _builder_version=\u00bb4.16&#8243; global_colors_info=\u00bb{}\u00bb][et_pb_row column_structure=\u00bb3_4,1_4&#8243; _builder_version=\u00bb4.16&#8243; global_colors_info=\u00bb{}\u00bb][et_pb_column type=\u00bb3_4&#8243; _builder_version=\u00bb4.16&#8243; custom_padding=\u00bb|||\u00bb global_colors_info=\u00bb{}\u00bb custom_padding__hover=\u00bb|||\u00bb][et_pb_text _builder_version=\u00bb4.24.0&#8243; text_font_size=\u00bb16px\u00bb hover_enabled=\u00bb0&#8243; global_colors_info=\u00bb{}\u00bb sticky_enabled=\u00bb0&#8243;]<\/p>\n<h2><strong>Los mejores en la fabricaci\u00f3n de muebles de cocina en Tarragona<\/strong><\/h2>\n<p>La cocina, como epicentro de la vida familiar, ostenta un rol crucial en el hogar. Mobles Gallent destaca en el dise\u00f1o e instalaci\u00f3n de cocinas diversas (modernas, minimalistas, cl\u00e1sicas y r\u00fasticas), destac\u00e1ndose por productos de calidad.<\/p>\n<p>Nuestra excelencia en la fabricaci\u00f3n de muebles de cocina se fundamenta en varias razones. En primer lugar, contamos con un equipo de dise\u00f1adores y artesanos altamente capacitados y experimentados, fusionando conocimientos y habilidades para crear mobiliario de alta calidad. Adem\u00e1s, empleamos materiales de primera categor\u00eda y tecnolog\u00edas avanzadas, garantizando la resistencia y funcionalidad de nuestros productos.<\/p>\n<p>Otro motivo de nuestro liderazgo en la fabricaci\u00f3n de mobiliario de cocina radica en nuestro enfoque en satisfacer las necesidades y deseos de los clientes. Brindamos una amplia gama de estilos y opciones de personalizaci\u00f3n, permitiendo a nuestros clientes materializar la cocina de sus sue\u00f1os. Nos esforzamos por ofrecer un servicio al cliente excepcional y una experiencia de compra sin contratiempos, asegurando la plena satisfacci\u00f3n de nuestros clientes.<\/p>\n<p>[\/et_pb_text][et_pb_cta title=\u00bbMobles Gallent expertos en la fabricaci\u00f3n de muebles de cocina en Tarragona\u00bb button_url=\u00bbhttps:\/\/www.moblesgallent.com\/contacto-con-mobles-gallent\/\u00bb button_text=\u00bbContacta con nosotros\u00bb _builder_version=\u00bb4.24.0&#8243; header_font=\u00bbVerdana||||||||\u00bb header_font_size=\u00bb18px\u00bb header_letter_spacing=\u00bb2px\u00bb header_line_height=\u00bb1.4em\u00bb body_font_size=\u00bb20px\u00bb background_color=\u00bb#e02b20&#8243; custom_button=\u00bbon\u00bb button_text_color=\u00bb#ffffff\u00bb button_bg_color=\u00bb#8e8e8e\u00bb button_border_width=\u00bb0px\u00bb button_use_icon=\u00bboff\u00bb hover_enabled=\u00bb0&#8243; header_font_size_tablet=\u00bb\u00bb header_font_size_phone=\u00bb15px\u00bb header_font_size_last_edited=\u00bbon|phone\u00bb locked=\u00bboff\u00bb global_colors_info=\u00bb{}\u00bb button_bg_color__hover_enabled=\u00bbon|hover\u00bb button_bg_color__hover=\u00bb#230000&#8243; button_bg_enable_color__hover=\u00bbon\u00bb button_bg_enable_color=\u00bbon\u00bb sticky_enabled=\u00bb0&#8243;]<\/p>\n<p>Contacta con nosotros y te asesoraremos para fabricar su mueble de cocina ideal adaptado a sus gustos y necesidades.<\/p>\n<p>[\/et_pb_cta][et_pb_text _builder_version=\u00bb4.24.0&#8243; _module_preset=\u00bbdefault\u00bb hover_enabled=\u00bb0&#8243; sticky_enabled=\u00bb0&#8243;]<\/p>\n<h2><strong>MOBLES GALLENT especialistas en fabricaci\u00f3n de muebles de cocina<\/strong><\/h2>\n<p>Dise\u00f1amos, fabricamos e instalamos mobiliario de cocina y ba\u00f1o a medida.<\/p>\n<p>Fabricamos mobiliario para varios segmentos y niveles de mercado, tambi\u00e9n en colores exclusivos y con acabados especiales. El dise\u00f1o, servicio y calidad son las bases de nuestra empresa y el complemento ideal de nuestros distribuidores, constructores y decoradores.<\/p>\n<p>Somos especialistas en la fabricaci\u00f3n de muebles de cocina a medida, brindando soluciones personalizadas que se adaptan perfectamente a tus necesidades y estilo de vida. Nuestro equipo de expertos artesanos y dise\u00f1adores se dedica apasionadamente a crear muebles de cocina de la m\u00e1s alta calidad y con una est\u00e9tica impecable.<\/p>\n<p>Utilizamos materiales duraderos y resistentes para garantizar la longevidad de tus muebles de cocina. Desde maderas hasta laminados de alta calidad y superficies de cuarzo o granito, te ofrecemos una amplia gama de opciones para que puedas elegir los materiales que mejor se ajusten a tus preferencias y presupuesto.<\/p>\n<p>Nuestro enfoque se centra en la funcionalidad y el dise\u00f1o inteligente. Comprendemos la importancia de aprovechar al m\u00e1ximo cada cent\u00edmetro de espacio en tu cocina, por lo que nuestros muebles est\u00e1n dise\u00f1ados para ofrecer un almacenamiento \u00f3ptimo y soluciones inteligentes para facilitar tus tareas diarias.<\/p>\n<p>[\/et_pb_text][et_pb_divider _builder_version=\u00bb4.24.0&#8243; _module_preset=\u00bbdefault\u00bb hover_enabled=\u00bb0&#8243; sticky_enabled=\u00bb0&#8243;][\/et_pb_divider][et_pb_text _builder_version=\u00bb4.16&#8243; text_font_size=\u00bb16px\u00bb locked=\u00bboff\u00bb global_colors_info=\u00bb{}\u00bb]<\/p>\n<h2>Muebles de cocina en Tarragona baratos<\/h2>\n<p>Descubre la excelencia en dise\u00f1o y funcionalidad con nuestros muebles de cocina asequibles en Tarragona. En nuestro empe\u00f1o por brindar soluciones que transformen tu cocina en un espacio lleno de estilo y eficiencia, hemos creado una amplia gama de opciones que se adaptan a tus necesidades y presupuesto.<\/p>\n<p>Nuestra colecci\u00f3n de muebles de cocina combina a la perfecci\u00f3n la est\u00e9tica moderna con la durabilidad que buscas en cada pieza. Desde elegantes gabinetes hasta pr\u00e1cticas islas de cocina, nuestros productos est\u00e1n dise\u00f1ados pensando en la vida cotidiana y en c\u00f3mo hacer que tu experiencia culinaria sea a\u00fan m\u00e1s placentera.<\/p>\n<p>Lo que nos distingue es nuestra dedicaci\u00f3n a ofrecer calidad sin comprometer tus finanzas. Creemos que todos merecen una cocina funcional y hermosa, sin importar el presupuesto. Es por eso que hemos trabajado arduamente para seleccionar materiales que ofrezcan resistencia a largo plazo sin inflar los precios. No creemos en gastar de m\u00e1s para obtener lo mejor.<\/p>\n<p>No comprometas la calidad ni el dise\u00f1o por el precio. Nuestros muebles de cocina baratos en Tarragona te ofrecen lo mejor de ambos mundos: la belleza est\u00e9tica y la funcionalidad de alta gama a un costo que te sorprender\u00e1. Ven y visita nuestra tienda para explorar nuestras opciones y descubrir c\u00f3mo puedes transformar tu cocina en un espacio impresionante sin exceder tu presupuesto. Tu cocina de ensue\u00f1o te espera, y estamos aqu\u00ed para hacerla realidad.<\/p>\n<p>[\/et_pb_text][et_pb_image src=\u00bbhttps:\/\/www.moblesgallent.com\/wp-content\/uploads\/2023\/04\/rectas_inspiracion3-1.jpg\u00bb alt=\u00bbFabricaci\u00f3n de muebles de cocina Tarragona\u00bb title_text=\u00bbFabricaci\u00f3n de muebles de cocina Tarragona\u00bb show_in_lightbox=\u00bbon\u00bb align_tablet=\u00bbcenter\u00bb align_phone=\u00bb\u00bb align_last_edited=\u00bbon|desktop\u00bb _builder_version=\u00bb4.16&#8243; global_colors_info=\u00bb{}\u00bb][\/et_pb_image][et_pb_text _builder_version=\u00bb4.24.0&#8243; _module_preset=\u00bbdefault\u00bb text_font_size=\u00bb16px\u00bb hover_enabled=\u00bb0&#8243; global_colors_info=\u00bb{}\u00bb sticky_enabled=\u00bb0&#8243;]<\/p>\n<h2>Fabricaci\u00f3n de todo tipo de muebles de cocina en Tarragona<\/h2>\n<p>La fabricaci\u00f3n de nuestros muebles de cocina se realiza con los m\u00e1s altos est\u00e1ndares de calidad. Utilizamos materiales de primera calidad que garantizan la durabilidad y resistencia de nuestros productos. Nuestro equipo de artesanos expertos utiliza t\u00e9cnicas avanzadas de carpinter\u00eda y fabricaci\u00f3n para crear piezas a medida que se ajustan perfectamente a cada espacio.<\/p>\n<p>Nos mantenemos al tanto de las \u00faltimas tendencias y avances en dise\u00f1o de cocinas. Incorporamos elementos innovadores y soluciones inteligentes en nuestros dise\u00f1os para mejorar la funcionalidad y la comodidad. Ya sea que nuestros clientes deseen una cocina moderna, cl\u00e1sica o r\u00fastica, podemos crear un ambiente que se ajuste a sus gustos personales y a la est\u00e9tica de su hogar.<\/p>\n<p>La instalaci\u00f3n de nuestros muebles de cocina es llevada a cabo por profesionales altamente capacitados y con amplia experiencia. Nos aseguramos de que cada componente se coloque correctamente y se ajuste a la perfecci\u00f3n. Nuestro objetivo es causar la menor interrupci\u00f3n posible durante la instalaci\u00f3n y dejar la cocina lista para ser disfrutada de inmediato.<\/p>\n<p>[\/et_pb_text][et_pb_divider _builder_version=\u00bb4.24.0&#8243; _module_preset=\u00bbdefault\u00bb hover_enabled=\u00bb0&#8243; sticky_enabled=\u00bb0&#8243;][\/et_pb_divider][et_pb_text _builder_version=\u00bb4.24.0&#8243; _module_preset=\u00bbdefault\u00bb hover_enabled=\u00bb0&#8243; sticky_enabled=\u00bb0&#8243;]<\/p>\n<h3>Solicita m\u00e1s informaci\u00f3n<\/h3>\n<p>En Mobles Gallent estamos comprometidos con crear cocinas personalizadas que se adapten a sus necesidades y reflejen su estilo \u00fanico. Ya sea que est\u00e9 buscando una cocina moderna y elegante, una cocina cl\u00e1sica y atemporal, o un dise\u00f1o r\u00fastico y acogedor, nuestro equipo de expertos est\u00e1 listo para hacer realidad su visi\u00f3n.<\/p>\n<p>Nuestra pasi\u00f3n por la calidad y la atenci\u00f3n al detalle nos distingue en el mercado de muebles de cocina a medida en Tarragona. Cada pieza que fabricamos se elabora con materiales de primera calidad y t\u00e9cnicas de fabricaci\u00f3n de primera para garantizar su durabilidad y funcionalidad a largo plazo.<\/p>\n<p>Nuestro proceso de trabajo comienza con una colaboraci\u00f3n cercana con usted. Nuestros dise\u00f1adores escuchar\u00e1n sus ideas, preferencias y requisitos espec\u00edficos para crear un dise\u00f1o que se ajuste perfectamente a sus necesidades. Desde el dise\u00f1o inicial hasta la instalaci\u00f3n final, nos aseguramos de que est\u00e9 satisfecho con cada paso del proceso.<\/p>\n<p>Adem\u00e1s de la fabricaci\u00f3n a medida, ofrecemos una amplia gama de opciones de acabados, colores y accesorios para personalizar a\u00fan m\u00e1s su cocina. Nuestro objetivo es hacer de su cocina un espacio funcional y est\u00e9ticamente atractivo donde disfrute cocinando y compartiendo momentos especiales con su familia y amigos.<\/p>\n<p>Si deseas obtener m\u00e1s informaci\u00f3n sobre nuestras opciones de materiales, colores y acabados, as\u00ed como nuestros precios competitivos, no dudes en contactarnos a trav\u00e9s de nuestro <a href=\"https:\/\/www.moblesgallent.com\/contacto-con-mobles-gallent\/\">formulario de contacto<\/a> o llamando al <strong><a href=\"tel:\/\/645914130\">645914130<\/a><\/strong>.<\/p>\n<p>[\/et_pb_text][\/et_pb_column][et_pb_column type=\u00bb1_4&#8243; _builder_version=\u00bb4.16&#8243; custom_padding=\u00bb|||\u00bb global_colors_info=\u00bb{}\u00bb custom_padding__hover=\u00bb|||\u00bb][et_pb_blog posts_number=\u00bb6&#8243; show_author=\u00bboff\u00bb show_date=\u00bboff\u00bb show_pagination=\u00bboff\u00bb _builder_version=\u00bb4.16&#8243; locked=\u00bboff\u00bb global_colors_info=\u00bb{}\u00bb][\/et_pb_blog][\/et_pb_column][\/et_pb_row][et_pb_row column_structure=\u00bb1_2,1_2&#8243; _builder_version=\u00bb4.16&#8243; _module_preset=\u00bbdefault\u00bb global_colors_info=\u00bb{}\u00bb][et_pb_column type=\u00bb1_2&#8243; _builder_version=\u00bb4.16&#8243; _module_preset=\u00bbdefault\u00bb global_colors_info=\u00bb{}\u00bb][et_pb_image src=\u00bbhttps:\/\/www.moblesgallent.com\/wp-content\/uploads\/2016\/02\/olite5.jpg\u00bb alt=\u00bbFabricaci\u00f3n de muebles de cocina\u00bb title_text=\u00bbFabricaci\u00f3n de muebles de cocina\u00bb _builder_version=\u00bb4.16&#8243; _module_preset=\u00bbdefault\u00bb max_width=\u00bb95%\u00bb global_colors_info=\u00bb{}\u00bb][\/et_pb_image][\/et_pb_column][et_pb_column type=\u00bb1_2&#8243; _builder_version=\u00bb4.16&#8243; _module_preset=\u00bbdefault\u00bb global_colors_info=\u00bb{}\u00bb][et_pb_image src=\u00bbhttps:\/\/www.moblesgallent.com\/wp-content\/uploads\/2016\/02\/olite3.jpg\u00bb alt=\u00bbFabricaci\u00f3n de muebles de cocina\u00bb title_text=\u00bbFabricaci\u00f3n de muebles de cocina\u00bb _builder_version=\u00bb4.16&#8243; _module_preset=\u00bbdefault\u00bb global_colors_info=\u00bb{}\u00bb][\/et_pb_image][\/et_pb_column][\/et_pb_row][\/et_pb_section]<\/p>","protected":false},"excerpt":{"rendered":"<p>Fabricaci\u00f3n de muebles de cocina Tarragona En MOBLES GALLENT somos expertos en la fabricaci\u00f3n de muebles de cocina en Tarragona.Los mejores en la fabricaci\u00f3n de muebles de cocina en Tarragona La cocina, como epicentro de la vida familiar, ostenta un rol crucial en el hogar. Mobles Gallent destaca en el dise\u00f1o e instalaci\u00f3n de cocinas [&hellip;]<\/p>","protected":false},"author":1,"featured_media":0,"parent":0,"menu_order":0,"comment_status":"closed","ping_status":"closed","template":"","meta":{"_et_pb_use_builder":"on","_et_pb_old_content":"","_et_gb_content_width":"","footnotes":""},"class_list":["post-669","page","type-page","status-publish","hentry"],"yoast_head":"<!-- This site is optimized with the Yoast SEO plugin v27.1.1 - https:\/\/yoast.com\/product\/yoast-seo-wordpress\/ -->\n<title>Fabricaci\u00f3n de muebles de cocina Tarragona - Mobles Gallent<\/title>\n<meta name=\"description\" content=\"Fabricaci\u00f3n de muebles de cocina Tarragona. Somos especialistas en muebles de cocina a medida, personalizados y adaptados a cada espacio.\" \/>\n<meta name=\"robots\" content=\"index, follow, max-snippet:-1, max-image-preview:large, max-video-preview:-1\" \/>\n<link rel=\"canonical\" href=\"https:\/\/www.moblesgallent.com\/ca\/fabricacion-de-muebles-de-cocina-tarragona\/\" \/>\n<meta property=\"og:locale\" content=\"ca_ES\" \/>\n<meta property=\"og:type\" content=\"article\" \/>\n<meta property=\"og:title\" content=\"Fabricaci\u00f3n de muebles de cocina Tarragona - Mobles Gallent\" \/>\n<meta property=\"og:description\" content=\"Fabricaci\u00f3n de muebles de cocina Tarragona. Somos especialistas en muebles de cocina a medida, personalizados y adaptados a cada espacio.\" \/>\n<meta property=\"og:url\" content=\"https:\/\/www.moblesgallent.com\/ca\/fabricacion-de-muebles-de-cocina-tarragona\/\" \/>\n<meta property=\"og:site_name\" content=\"Mobles Gallent | mobiliario de cocina | mobiliario de ba\u00f1o | mobiliario de sal\u00f3n | armarios | Reformas y dise\u00f1os de interiores en Tarragona\" \/>\n<meta property=\"article:modified_time\" content=\"2024-01-22T11:12:46+00:00\" \/>\n<meta name=\"twitter:card\" content=\"summary_large_image\" \/>\n<meta name=\"twitter:label1\" content=\"Temps estimat de lectura\" \/>\n\t<meta name=\"twitter:data1\" content=\"9 minuts\" \/>\n<script type=\"application\/ld+json\" class=\"yoast-schema-graph\">{\"@context\":\"https:\/\/schema.org\",\"@graph\":[{\"@type\":\"WebPage\",\"@id\":\"https:\/\/www.moblesgallent.com\/fabricacion-de-muebles-de-cocina-tarragona\/\",\"url\":\"https:\/\/www.moblesgallent.com\/fabricacion-de-muebles-de-cocina-tarragona\/\",\"name\":\"Fabricaci\u00f3n de muebles de cocina Tarragona - Mobles Gallent\",\"isPartOf\":{\"@id\":\"https:\/\/www.moblesgallent.com\/#website\"},\"datePublished\":\"2019-02-18T14:06:02+00:00\",\"dateModified\":\"2024-01-22T11:12:46+00:00\",\"description\":\"Fabricaci\u00f3n de muebles de cocina Tarragona. Somos especialistas en muebles de cocina a medida, personalizados y adaptados a cada espacio.\",\"breadcrumb\":{\"@id\":\"https:\/\/www.moblesgallent.com\/fabricacion-de-muebles-de-cocina-tarragona\/#breadcrumb\"},\"inLanguage\":\"ca\",\"potentialAction\":[{\"@type\":\"ReadAction\",\"target\":[\"https:\/\/www.moblesgallent.com\/fabricacion-de-muebles-de-cocina-tarragona\/\"]}]},{\"@type\":\"BreadcrumbList\",\"@id\":\"https:\/\/www.moblesgallent.com\/fabricacion-de-muebles-de-cocina-tarragona\/#breadcrumb\",\"itemListElement\":[{\"@type\":\"ListItem\",\"position\":1,\"name\":\"Portada\",\"item\":\"https:\/\/www.moblesgallent.com\/\"},{\"@type\":\"ListItem\",\"position\":2,\"name\":\"Fabricaci\u00f3n de muebles de cocina Tarragona\"}]},{\"@type\":\"WebSite\",\"@id\":\"https:\/\/www.moblesgallent.com\/#website\",\"url\":\"https:\/\/www.moblesgallent.com\/\",\"name\":\"Mobles Gallent | mobiliario de cocina | mobiliario de ba\u00f1o | mobiliario de sal\u00f3n | armarios | Reformas y dise\u00f1os de interiores en Tarragona\",\"description\":\"Otro sitio realizado con Soft Optimiza Digital Media Empresas\",\"potentialAction\":[{\"@type\":\"SearchAction\",\"target\":{\"@type\":\"EntryPoint\",\"urlTemplate\":\"https:\/\/www.moblesgallent.com\/?s={search_term_string}\"},\"query-input\":{\"@type\":\"PropertyValueSpecification\",\"valueRequired\":true,\"valueName\":\"search_term_string\"}}],\"inLanguage\":\"ca\"}]}<\/script>\n<!-- \/ Yoast SEO plugin. -->","yoast_head_json":{"title":"Fabricaci\u00f3n de muebles de cocina Tarragona - Mobles Gallent","description":"Fabricaci\u00f3n de muebles de cocina Tarragona. Somos especialistas en muebles de cocina a medida, personalizados y adaptados a cada espacio.","robots":{"index":"index","follow":"follow","max-snippet":"max-snippet:-1","max-image-preview":"max-image-preview:large","max-video-preview":"max-video-preview:-1"},"canonical":"https:\/\/www.moblesgallent.com\/ca\/fabricacion-de-muebles-de-cocina-tarragona\/","og_locale":"ca_ES","og_type":"article","og_title":"Fabricaci\u00f3n de muebles de cocina Tarragona - Mobles Gallent","og_description":"Fabricaci\u00f3n de muebles de cocina Tarragona. Somos especialistas en muebles de cocina a medida, personalizados y adaptados a cada espacio.","og_url":"https:\/\/www.moblesgallent.com\/ca\/fabricacion-de-muebles-de-cocina-tarragona\/","og_site_name":"Mobles Gallent | mobiliario de cocina | mobiliario de ba\u00f1o | mobiliario de sal\u00f3n | armarios | Reformas y dise\u00f1os de interiores en Tarragona","article_modified_time":"2024-01-22T11:12:46+00:00","twitter_card":"summary_large_image","twitter_misc":{"Temps estimat de lectura":"9 minuts"},"schema":{"@context":"https:\/\/schema.org","@graph":[{"@type":"WebPage","@id":"https:\/\/www.moblesgallent.com\/fabricacion-de-muebles-de-cocina-tarragona\/","url":"https:\/\/www.moblesgallent.com\/fabricacion-de-muebles-de-cocina-tarragona\/","name":"Fabricaci\u00f3n de muebles de cocina Tarragona - Mobles Gallent","isPartOf":{"@id":"https:\/\/www.moblesgallent.com\/#website"},"datePublished":"2019-02-18T14:06:02+00:00","dateModified":"2024-01-22T11:12:46+00:00","description":"Fabricaci\u00f3n de muebles de cocina Tarragona. Somos especialistas en muebles de cocina a medida, personalizados y adaptados a cada espacio.","breadcrumb":{"@id":"https:\/\/www.moblesgallent.com\/fabricacion-de-muebles-de-cocina-tarragona\/#breadcrumb"},"inLanguage":"ca","potentialAction":[{"@type":"ReadAction","target":["https:\/\/www.moblesgallent.com\/fabricacion-de-muebles-de-cocina-tarragona\/"]}]},{"@type":"BreadcrumbList","@id":"https:\/\/www.moblesgallent.com\/fabricacion-de-muebles-de-cocina-tarragona\/#breadcrumb","itemListElement":[{"@type":"ListItem","position":1,"name":"Portada","item":"https:\/\/www.moblesgallent.com\/"},{"@type":"ListItem","position":2,"name":"Fabricaci\u00f3n de muebles de cocina Tarragona"}]},{"@type":"WebSite","@id":"https:\/\/www.moblesgallent.com\/#website","url":"https:\/\/www.moblesgallent.com\/","name":"Mobles Gallent | mobiliario de cocina | mobiliario de ba\u00f1o | mobiliario de sal\u00f3n | armarios | Reformas y dise\u00f1os de interiores en Tarragona","description":"Otro sitio realizado con Soft Optimiza Digital Media Empresas","potentialAction":[{"@type":"SearchAction","target":{"@type":"EntryPoint","urlTemplate":"https:\/\/www.moblesgallent.com\/?s={search_term_string}"},"query-input":{"@type":"PropertyValueSpecification","valueRequired":true,"valueName":"search_term_string"}}],"inLanguage":"ca"}]}},"_links":{"self":[{"href":"https:\/\/www.moblesgallent.com\/ca\/wp-json\/wp\/v2\/pages\/669","targetHints":{"allow":["GET"]}}],"collection":[{"href":"https:\/\/www.moblesgallent.com\/ca\/wp-json\/wp\/v2\/pages"}],"about":[{"href":"https:\/\/www.moblesgallent.com\/ca\/wp-json\/wp\/v2\/types\/page"}],"author":[{"embeddable":true,"href":"https:\/\/www.moblesgallent.com\/ca\/wp-json\/wp\/v2\/users\/1"}],"replies":[{"embeddable":true,"href":"https:\/\/www.moblesgallent.com\/ca\/wp-json\/wp\/v2\/comments?post=669"}],"version-history":[{"count":15,"href":"https:\/\/www.moblesgallent.com\/ca\/wp-json\/wp\/v2\/pages\/669\/revisions"}],"predecessor-version":[{"id":1975,"href":"https:\/\/www.moblesgallent.com\/ca\/wp-json\/wp\/v2\/pages\/669\/revisions\/1975"}],"wp:attachment":[{"href":"https:\/\/www.moblesgallent.com\/ca\/wp-json\/wp\/v2\/media?parent=669"}],"curies":[{"name":"wp","href":"https:\/\/api.w.org\/{rel}","templated":true}]}}