{"id":659,"date":"2019-01-22T09:51:33","date_gmt":"2019-01-22T09:51:33","guid":{"rendered":"https:\/\/www.moblesgallent.com\/?page_id=659"},"modified":"2023-08-31T15:26:27","modified_gmt":"2023-08-31T15:26:27","slug":"vestidores-a-medida-tarragona","status":"publish","type":"page","link":"https:\/\/www.moblesgallent.com\/ca\/vestidores-a-medida-tarragona\/","title":{"rendered":"Vestuari a mida a Tarragona"},"content":{"rendered":"<p>[et_pb_section fb_built=\u00bb1&#8243; custom_padding_last_edited=\u00bbon|tablet\u00bb _builder_version=\u00bb4.7.7&#8243; _module_preset=\u00bbdefault\u00bb background_image=\u00bbhttps:\/\/www.moblesgallent.com\/wp-content\/uploads\/2022\/07\/tienda-de-muebles-vestidores-en-Tarragona.jpg\u00bb custom_padding=\u00bb30vh||30vh||true|false\u00bb custom_padding_tablet=\u00bb15vh||15vh||true|false\u00bb custom_padding_phone=\u00bb8vh||8vh||true|false\u00bb locked=\u00bboff\u00bb][et_pb_row _builder_version=\u00bb4.7.7&#8243; background_color=\u00bbrgba(255,255,255,0.9)\u00bb custom_padding=\u00bb2em|1em|2em|1em|true|true\u00bb][et_pb_column type=\u00bb4_4&#8243; _builder_version=\u00bb4.0.1&#8243;][et_pb_text _builder_version=\u00bb4.7.7&#8243; text_font_size=\u00bb22px\u00bb text_line_height=\u00bb1.4em\u00bb header_text_align=\u00bbcenter\u00bb text_orientation=\u00bbcenter\u00bb text_font_size_tablet=\u00bb20px\u00bb text_font_size_phone=\u00bb17px\u00bb text_font_size_last_edited=\u00bbon|phone\u00bb]<\/p>\n<h1 style=\"text-align: center;\"><strong>Vestidores a medida en Tarragona<\/strong><\/h1>\n<p>En MOBLES GALLENT somos <strong>especialistas en vestidores a medida en Tarragona<\/strong>. Fabricamos e instalamos muebles de calidad.<\/p>\n<p>[\/et_pb_text][\/et_pb_column][\/et_pb_row][\/et_pb_section][et_pb_section fb_built=\u00bb1&#8243; _builder_version=\u00bb3.22&#8243;][et_pb_row column_structure=\u00bb3_4,1_4&#8243; _builder_version=\u00bb3.25&#8243;][et_pb_column type=\u00bb3_4&#8243; _builder_version=\u00bb3.25&#8243; custom_padding=\u00bb|||\u00bb custom_padding__hover=\u00bb|||\u00bb][et_pb_text _builder_version=\u00bb4.7.7&#8243;]<\/p>\n<h2 style=\"text-align: left;\"><strong>Los mejores vestidores a medida en Tarragona<\/strong><\/h2>\n<p>[\/et_pb_text][et_pb_text _builder_version=\u00bb4.7.7&#8243; text_font_size=\u00bb16px\u00bb hover_enabled=\u00bb0&#8243; sticky_enabled=\u00bb0&#8243;]<\/p>\n<p style=\"text-align: left;\">Somos fabricantes e instaladores de <strong>vestidores a medida en Tarragona\u00a0<\/strong>y poblaciones cercanas de la provincia.<\/p>\n<p>Comprendemos que cada persona tiene requisitos y preferencias \u00fanicas cuando se trata de su espacio de almacenamiento, y nos esforzamos por convertir esas ideas en realidad.<\/p>\n<p>Creamos dise\u00f1os virtuales detallados que permiten a los clientes visualizar su vestidor antes de que se realice la fabricaci\u00f3n. Esto les brinda la oportunidad de hacer ajustes y personalizar cada aspecto de su vestidor, desde la distribuci\u00f3n de los estantes hasta el tipo de puertas y acabados.<\/p>\n<p>Una vez que el dise\u00f1o est\u00e1 finalizado, nuestro equipo de fabricaci\u00f3n entra en acci\u00f3n. Nuestros artesanos se dedican a crear cada pieza con precisi\u00f3n y cuidado.\u00a0<\/p>\n<p>La instalaci\u00f3n de nuestros vestidores a medida se realiza con la misma atenci\u00f3n meticulosa que se pone en la fabricaci\u00f3n. Nuestro equipo de instaladores experimentados trabaja eficientemente para asegurarse de que cada componente se coloque correctamente y se ajuste a la perfecci\u00f3n en el espacio designado. Nos esforzamos por causar la menor interrupci\u00f3n posible durante la instalaci\u00f3n y nos aseguramos de dejar el \u00e1rea de trabajo limpia y ordenada una vez que el proyecto est\u00e9 completo.<\/p>\n<p>[\/et_pb_text][et_pb_text _builder_version=\u00bb4.7.7&#8243; text_font_size=\u00bb16px\u00bb hover_enabled=\u00bb0&#8243; sticky_enabled=\u00bb0&#8243;]<\/p>\n<h2 style=\"text-align: justify;\">Muebles a medida en Tarragona<\/h2>\n<h3>Expertos en armarios y vestidores a medida en Tarragona<\/h3>\n<p style=\"text-align: justify;\">En <strong>MOBLES GALLENT<\/strong> somos especialistas en el dise\u00f1o de armarios y vestidores a medida. Contamos con f\u00e1brica propia de muebles a medida y con el personal instalador de muebles con amplia experiencia.<\/p>\n<p>Creamos los muebles a medida que necesitas para poder crear los espacios de almacenamiento de tu casa a tu gusto.<\/p>\n<p style=\"text-align: justify;\">Fabricamos tus armarios y vestidores y nos adaptamos a cualquier habitaci\u00f3n. Eligiendo fabricar los muebles a tu medida podr\u00e1 distribuir y aprovechar completamente los espacios de su vivienda. Es por ello que muchos de nuestros clientes eligen las muebles a medida cuando encargan sus armarios o vestidores.<\/p>\n<h3 style=\"text-align: justify;\">M\u00faltiples opciones para escoger<\/h3>\n<p style=\"text-align: justify;\">Una de las opciones m\u00e1s habituales es la de realizar un<strong> vestidor con puertas\u00a0<\/strong>para evitar que la ropa quede expuesta a los ojos de los visitantes, esta opci\u00f3n es muy pr\u00e1ctica porque permite colocar el vestidor no solo en una habitaci\u00f3n destinada a tal fin, tambi\u00e9n nos permite instalar vestidores en cualquier lugar de la casa como por ejemplo en un despacho o zona de trabajo.<\/p>\n<h3 style=\"text-align: justify;\">Solicitar m\u00e1s informaci\u00f3n<\/h3>\n<div class=\"group w-full text-token-text-primary border-b border-black\/10 dark:border-gray-900\/50 bg-gray-50 dark:bg-[#444654]\" data-testid=\"conversation-turn-7\">\n<div class=\"p-4 justify-center text-base md:gap-6 md:py-6 lg:px-0 m-auto\">\n<div class=\"flex flex-1 gap-4 text-base mx-auto md:gap-6 md:max-w-2xl lg:max-w-[38rem] xl:max-w-3xl }\">\n<div class=\"relative flex w-[calc(100%-50px)] flex-col gap-1 md:gap-3 lg:w-[calc(100%-115px)]\">\n<div class=\"flex flex-grow flex-col gap-3 max-w-full\">\n<div class=\"min-h-[20px] flex flex-col items-start gap-3 overflow-x-auto whitespace-pre-wrap break-words\">\n<div class=\"markdown prose w-full break-words dark:prose-invert dark\">\n<p>Si est\u00e1s buscando darle un toque de elegancia y funcionalidad a tus espacios con vestidores a medida en Tarragona, est\u00e1s en el lugar indicado. Nuestro equipo se especializa en crear soluciones de almacenamiento personalizadas que se adapten a tus necesidades y estilo. Desde dise\u00f1os modernos y minimalistas hasta opciones m\u00e1s cl\u00e1sicas y espaciosas, trabajamos contigo para convertir tus ideas en vestidores \u00fanicos y funcionales. Si deseas obtener m\u00e1s informaci\u00f3n sobre c\u00f3mo podemos transformar tus espacios con nuestros servicios de vestidores a medida, no dudes en contactarnos. Estamos aqu\u00ed para responder a tus preguntas y brindarte asesoramiento experto para llevar a cabo tu proyecto de manera exitosa.<\/p>\n<p><span style=\"text-align: justify;\">Puedes <\/span><strong style=\"text-align: justify;\"><a href=\"https:\/\/www.moblesgallent.com\/contacto-con-mobles-gallent\/\">solicitar m\u00e1s informaci\u00f3n<\/a><\/strong><span style=\"text-align: justify;\"> sobre nuestros servicios. Somos expertos en mobiliario en la provincia de Tarragona.<\/span><\/p>\n<\/div>\n<\/div>\n<\/div>\n<\/div>\n<\/div>\n<\/div>\n<\/div>\n<p>[\/et_pb_text][et_pb_image src=\u00bbhttps:\/\/www.moblesgallent.com\/wp-content\/uploads\/2022\/07\/tienda-de-muebles-vestidores-en-Tarragona.jpg\u00bb alt=\u00bbVestidores a medida en Tarragona\u00bb title_text=\u00bbVestidores a medida en Tarragona\u00bb show_in_lightbox=\u00bbon\u00bb align=\u00bbcenter\u00bb align_tablet=\u00bbcenter\u00bb align_phone=\u00bb\u00bb align_last_edited=\u00bbon|desktop\u00bb _builder_version=\u00bb4.7.7&#8243;][\/et_pb_image][et_pb_text _builder_version=\u00bb4.7.7&#8243; _module_preset=\u00bbdefault\u00bb text_font_size=\u00bb16px\u00bb]<\/p>\n<h2>\u00bfPor qu\u00e9 elegir un vestidor a medida?<\/h2>\n<h3>1. Aprovecha mejor los espacios<\/h3>\n<p>Tanto si dispones de una peque\u00f1a habitaci\u00f3n, como si se trata de parte de una habitaci\u00f3n, si decides crear un vestidor a medida podr\u00e1s aprovechar al m\u00e1ximo el espacio existente. Adaptando el mueble a medida evitas los problemas de las formas irregulares de paredes, techos, ventanas en sitios inc\u00f3modos, columnas etc.\u00a0 El mueble a medida es tan eficiente como lo necesitas.<\/p>\n<h3>2. Permite crear y mantener mejor el orden<\/h3>\n<p>Creando un vestidor a medida puedes organizar de mejor forma toda tu ropa, calzado y complementos. Siempre sabr\u00e1s donde est\u00e1 todo, bien organizado y a tu alcance. El vestidor tambi\u00e9n ayuda a liberar los espacios de las otras habitaciones de armarios innecesarios y junta todo lo que necesitas para vestir en el mismo sitio.<\/p>\n<h3>3. El vestidor a medida se adapta a tus gustos y necesidades<\/h3>\n<p>Cuando creas un vestidor a medida eliges lo que t\u00fa (y tu familia) necesitas tanto en t\u00e9rminos de espacios, acabados, organizaci\u00f3n. Eliges los acabados, distribuci\u00f3n y los accesorios que deseas.<\/p>\n<h3>4. Dise\u00f1o a tu gusto<\/h3>\n<p>Crear un vestidor a tu gusto mejora el dise\u00f1o de la vivienda y da un toque moderno a tu vivienda.<\/p>\n<h3>5. Facilidad de uso<\/h3>\n<p>Con un vestidor abierto tienes toda tu ropa, accesorios y calzado en un mismo sitio y bien organizado a la vista, siempre sabes todo lo que tienes a tu disposici\u00f3n para vestir y no tienes que rebuscar por armarios por toda la casa para ver que cuadra con qu\u00e9. Selecciona cualquier look muy r\u00e1pido con solo echar una vista a tu alrededor y v\u00edstete c\u00f3modamente en tu vestidor a medida.<\/p>\n<p>[\/et_pb_text][et_pb_image src=\u00bbhttps:\/\/www.moblesgallent.com\/wp-content\/uploads\/2016\/04\/ggg.jpg\u00bb alt=\u00bbVestidores a medida en Tarragona\u00bb title_text=\u00bbVestidores a medida en Tarragona\u00bb _builder_version=\u00bb4.7.7&#8243; _module_preset=\u00bbdefault\u00bb][\/et_pb_image][et_pb_cta title=\u00bb\u00bfBuscas vestidores a medida de alta calidad?\u00bb button_url=\u00bbhttps:\/\/www.moblesgallent.com\/contacto-con-mobles-gallent\/\u00bb button_text=\u00bbContacta con nosotros\u00bb _builder_version=\u00bb4.7.7&#8243; header_font=\u00bbVerdana||||||||\u00bb header_font_size=\u00bb18px\u00bb header_letter_spacing=\u00bb2px\u00bb header_line_height=\u00bb1.4em\u00bb body_font_size=\u00bb20px\u00bb background_color=\u00bb#8e8e8e\u00bb custom_button=\u00bbon\u00bb button_text_color=\u00bb#ffffff\u00bb button_bg_color=\u00bb#e02b20&#8243; button_border_width=\u00bb0px\u00bb button_use_icon=\u00bboff\u00bb header_font_size_tablet=\u00bb\u00bb header_font_size_phone=\u00bb15px\u00bb header_font_size_last_edited=\u00bbon|phone\u00bb locked=\u00bboff\u00bb button_bg_color__hover_enabled=\u00bbon|hover\u00bb button_bg_color__hover=\u00bb#230000&#8243; button_bg_enable_color__hover=\u00bbon\u00bb]<\/p>\n<p>Contacta con nosotros y te asesoramos para encontrar el mejor mueble a medida.<\/p>\n<p>[\/et_pb_cta][\/et_pb_column][et_pb_column type=\u00bb1_4&#8243; _builder_version=\u00bb3.25&#8243; custom_padding=\u00bb|||\u00bb custom_padding__hover=\u00bb|||\u00bb][et_pb_blog posts_number=\u00bb6&#8243; show_author=\u00bboff\u00bb show_date=\u00bboff\u00bb show_pagination=\u00bboff\u00bb _builder_version=\u00bb4.7.7&#8243; hover_enabled=\u00bb0&#8243; sticky_enabled=\u00bb0&#8243;][\/et_pb_blog][\/et_pb_column][\/et_pb_row][et_pb_row column_structure=\u00bb1_2,1_2&#8243; _builder_version=\u00bb4.7.7&#8243; _module_preset=\u00bbdefault\u00bb][et_pb_column type=\u00bb1_2&#8243; _builder_version=\u00bb4.7.7&#8243; _module_preset=\u00bbdefault\u00bb][et_pb_image src=\u00bbhttps:\/\/www.moblesgallent.com\/wp-content\/uploads\/2021\/04\/armario-a-medida-puertas-deslizantes.jpg\u00bb alt=\u00bbVestidores a medida en Tarragona\u00bb title_text=\u00bbVestidores a medida en Tarragona\u00bb _builder_version=\u00bb4.7.7&#8243; _module_preset=\u00bbdefault\u00bb max_width=\u00bb95%\u00bb][\/et_pb_image][\/et_pb_column][et_pb_column type=\u00bb1_2&#8243; _builder_version=\u00bb4.7.7&#8243; _module_preset=\u00bbdefault\u00bb][et_pb_image src=\u00bbhttps:\/\/www.moblesgallent.com\/wp-content\/uploads\/2019\/01\/vestidores-a-medida.jpg\u00bb _builder_version=\u00bb4.7.7&#8243; _module_preset=\u00bbdefault\u00bb max_width=\u00bb95%\u00bb][\/et_pb_image][\/et_pb_column][\/et_pb_row][\/et_pb_section]<\/p>","protected":false},"excerpt":{"rendered":"<p>Vestidores a medida en Tarragona En MOBLES GALLENT somos especialistas en vestidores a medida en Tarragona. Fabricamos e instalamos muebles de calidad.Los mejores vestidores a medida en TarragonaSomos fabricantes e instaladores de vestidores a medida en Tarragona\u00a0y poblaciones cercanas de la provincia. Comprendemos que cada persona tiene requisitos y preferencias \u00fanicas cuando se trata de [&hellip;]<\/p>","protected":false},"author":1,"featured_media":523,"parent":0,"menu_order":0,"comment_status":"closed","ping_status":"closed","template":"","meta":{"_et_pb_use_builder":"on","_et_pb_old_content":"","_et_gb_content_width":"","footnotes":""},"class_list":["post-659","page","type-page","status-publish","has-post-thumbnail","hentry"],"yoast_head":"<!-- This site is optimized with the Yoast SEO plugin v27.1.1 - https:\/\/yoast.com\/product\/yoast-seo-wordpress\/ -->\n<title>Vestidores a medida en Tarragona - Mobles Galent<\/title>\n<meta name=\"description\" content=\"Dise\u00f1o de vestidores a medida en Tarragona. Fabricaci\u00f3n e instalaci\u00f3n de vestidores personalizados. Materiales de calidad. \u00a1Ll\u00e1manos!\" \/>\n<meta name=\"robots\" content=\"index, follow, max-snippet:-1, max-image-preview:large, max-video-preview:-1\" \/>\n<link rel=\"canonical\" href=\"https:\/\/www.moblesgallent.com\/ca\/vestidores-a-medida-tarragona\/\" \/>\n<meta property=\"og:locale\" content=\"ca_ES\" \/>\n<meta property=\"og:type\" content=\"article\" \/>\n<meta property=\"og:title\" content=\"Vestidores a medida en Tarragona - Mobles Galent\" \/>\n<meta property=\"og:description\" content=\"Dise\u00f1o de vestidores a medida en Tarragona. Fabricaci\u00f3n e instalaci\u00f3n de vestidores personalizados. Materiales de calidad. \u00a1Ll\u00e1manos!\" \/>\n<meta property=\"og:url\" content=\"https:\/\/www.moblesgallent.com\/ca\/vestidores-a-medida-tarragona\/\" \/>\n<meta property=\"og:site_name\" content=\"Mobles Gallent | mobiliario de cocina | mobiliario de ba\u00f1o | mobiliario de sal\u00f3n | armarios | Reformas y dise\u00f1os de interiores en Tarragona\" \/>\n<meta property=\"article:modified_time\" content=\"2023-08-31T15:26:27+00:00\" \/>\n<meta property=\"og:image\" content=\"https:\/\/www.moblesgallent.com\/wp-content\/uploads\/2016\/02\/armarios.jpg\" \/>\n\t<meta property=\"og:image:width\" content=\"500\" \/>\n\t<meta property=\"og:image:height\" content=\"350\" \/>\n\t<meta property=\"og:image:type\" content=\"image\/jpeg\" \/>\n<meta name=\"twitter:card\" content=\"summary_large_image\" \/>\n<meta name=\"twitter:label1\" content=\"Temps estimat de lectura\" \/>\n\t<meta name=\"twitter:data1\" content=\"3 minuts\" \/>\n<script type=\"application\/ld+json\" class=\"yoast-schema-graph\">{\"@context\":\"https:\/\/schema.org\",\"@graph\":[{\"@type\":\"WebPage\",\"@id\":\"https:\/\/www.moblesgallent.com\/vestidores-a-medida-tarragona\/\",\"url\":\"https:\/\/www.moblesgallent.com\/vestidores-a-medida-tarragona\/\",\"name\":\"Vestidores a medida en Tarragona - Mobles Galent\",\"isPartOf\":{\"@id\":\"https:\/\/www.moblesgallent.com\/#website\"},\"primaryImageOfPage\":{\"@id\":\"https:\/\/www.moblesgallent.com\/vestidores-a-medida-tarragona\/#primaryimage\"},\"image\":{\"@id\":\"https:\/\/www.moblesgallent.com\/vestidores-a-medida-tarragona\/#primaryimage\"},\"thumbnailUrl\":\"https:\/\/www.moblesgallent.com\/wp-content\/uploads\/2016\/02\/armarios.jpg\",\"datePublished\":\"2019-01-22T09:51:33+00:00\",\"dateModified\":\"2023-08-31T15:26:27+00:00\",\"description\":\"Dise\u00f1o de vestidores a medida en Tarragona. Fabricaci\u00f3n e instalaci\u00f3n de vestidores personalizados. Materiales de calidad. \u00a1Ll\u00e1manos!\",\"breadcrumb\":{\"@id\":\"https:\/\/www.moblesgallent.com\/vestidores-a-medida-tarragona\/#breadcrumb\"},\"inLanguage\":\"ca\",\"potentialAction\":[{\"@type\":\"ReadAction\",\"target\":[\"https:\/\/www.moblesgallent.com\/vestidores-a-medida-tarragona\/\"]}]},{\"@type\":\"ImageObject\",\"inLanguage\":\"ca\",\"@id\":\"https:\/\/www.moblesgallent.com\/vestidores-a-medida-tarragona\/#primaryimage\",\"url\":\"https:\/\/www.moblesgallent.com\/wp-content\/uploads\/2016\/02\/armarios.jpg\",\"contentUrl\":\"https:\/\/www.moblesgallent.com\/wp-content\/uploads\/2016\/02\/armarios.jpg\",\"width\":500,\"height\":350,\"caption\":\"armarios y vestidores Mobles Gallent\"},{\"@type\":\"BreadcrumbList\",\"@id\":\"https:\/\/www.moblesgallent.com\/vestidores-a-medida-tarragona\/#breadcrumb\",\"itemListElement\":[{\"@type\":\"ListItem\",\"position\":1,\"name\":\"Portada\",\"item\":\"https:\/\/www.moblesgallent.com\/\"},{\"@type\":\"ListItem\",\"position\":2,\"name\":\"Vestidores a medida en Tarragona\"}]},{\"@type\":\"WebSite\",\"@id\":\"https:\/\/www.moblesgallent.com\/#website\",\"url\":\"https:\/\/www.moblesgallent.com\/\",\"name\":\"Mobles Gallent | mobiliario de cocina | mobiliario de ba\u00f1o | mobiliario de sal\u00f3n | armarios | Reformas y dise\u00f1os de interiores en Tarragona\",\"description\":\"Otro sitio realizado con Soft Optimiza Digital Media Empresas\",\"potentialAction\":[{\"@type\":\"SearchAction\",\"target\":{\"@type\":\"EntryPoint\",\"urlTemplate\":\"https:\/\/www.moblesgallent.com\/?s={search_term_string}\"},\"query-input\":{\"@type\":\"PropertyValueSpecification\",\"valueRequired\":true,\"valueName\":\"search_term_string\"}}],\"inLanguage\":\"ca\"}]}<\/script>\n<!-- \/ Yoast SEO plugin. -->","yoast_head_json":{"title":"Vestidores a medida en Tarragona - Mobles Galent","description":"Dise\u00f1o de vestidores a medida en Tarragona. Fabricaci\u00f3n e instalaci\u00f3n de vestidores personalizados. Materiales de calidad. \u00a1Ll\u00e1manos!","robots":{"index":"index","follow":"follow","max-snippet":"max-snippet:-1","max-image-preview":"max-image-preview:large","max-video-preview":"max-video-preview:-1"},"canonical":"https:\/\/www.moblesgallent.com\/ca\/vestidores-a-medida-tarragona\/","og_locale":"ca_ES","og_type":"article","og_title":"Vestidores a medida en Tarragona - Mobles Galent","og_description":"Dise\u00f1o de vestidores a medida en Tarragona. Fabricaci\u00f3n e instalaci\u00f3n de vestidores personalizados. Materiales de calidad. \u00a1Ll\u00e1manos!","og_url":"https:\/\/www.moblesgallent.com\/ca\/vestidores-a-medida-tarragona\/","og_site_name":"Mobles Gallent | mobiliario de cocina | mobiliario de ba\u00f1o | mobiliario de sal\u00f3n | armarios | Reformas y dise\u00f1os de interiores en Tarragona","article_modified_time":"2023-08-31T15:26:27+00:00","og_image":[{"width":500,"height":350,"url":"https:\/\/www.moblesgallent.com\/wp-content\/uploads\/2016\/02\/armarios.jpg","type":"image\/jpeg"}],"twitter_card":"summary_large_image","twitter_misc":{"Temps estimat de lectura":"3 minuts"},"schema":{"@context":"https:\/\/schema.org","@graph":[{"@type":"WebPage","@id":"https:\/\/www.moblesgallent.com\/vestidores-a-medida-tarragona\/","url":"https:\/\/www.moblesgallent.com\/vestidores-a-medida-tarragona\/","name":"Vestidores a medida en Tarragona - Mobles Galent","isPartOf":{"@id":"https:\/\/www.moblesgallent.com\/#website"},"primaryImageOfPage":{"@id":"https:\/\/www.moblesgallent.com\/vestidores-a-medida-tarragona\/#primaryimage"},"image":{"@id":"https:\/\/www.moblesgallent.com\/vestidores-a-medida-tarragona\/#primaryimage"},"thumbnailUrl":"https:\/\/www.moblesgallent.com\/wp-content\/uploads\/2016\/02\/armarios.jpg","datePublished":"2019-01-22T09:51:33+00:00","dateModified":"2023-08-31T15:26:27+00:00","description":"Dise\u00f1o de vestidores a medida en Tarragona. Fabricaci\u00f3n e instalaci\u00f3n de vestidores personalizados. Materiales de calidad. \u00a1Ll\u00e1manos!","breadcrumb":{"@id":"https:\/\/www.moblesgallent.com\/vestidores-a-medida-tarragona\/#breadcrumb"},"inLanguage":"ca","potentialAction":[{"@type":"ReadAction","target":["https:\/\/www.moblesgallent.com\/vestidores-a-medida-tarragona\/"]}]},{"@type":"ImageObject","inLanguage":"ca","@id":"https:\/\/www.moblesgallent.com\/vestidores-a-medida-tarragona\/#primaryimage","url":"https:\/\/www.moblesgallent.com\/wp-content\/uploads\/2016\/02\/armarios.jpg","contentUrl":"https:\/\/www.moblesgallent.com\/wp-content\/uploads\/2016\/02\/armarios.jpg","width":500,"height":350,"caption":"armarios y vestidores Mobles Gallent"},{"@type":"BreadcrumbList","@id":"https:\/\/www.moblesgallent.com\/vestidores-a-medida-tarragona\/#breadcrumb","itemListElement":[{"@type":"ListItem","position":1,"name":"Portada","item":"https:\/\/www.moblesgallent.com\/"},{"@type":"ListItem","position":2,"name":"Vestidores a medida en Tarragona"}]},{"@type":"WebSite","@id":"https:\/\/www.moblesgallent.com\/#website","url":"https:\/\/www.moblesgallent.com\/","name":"Mobles Gallent | mobiliario de cocina | mobiliario de ba\u00f1o | mobiliario de sal\u00f3n | armarios | Reformas y dise\u00f1os de interiores en Tarragona","description":"Otro sitio realizado con Soft Optimiza Digital Media Empresas","potentialAction":[{"@type":"SearchAction","target":{"@type":"EntryPoint","urlTemplate":"https:\/\/www.moblesgallent.com\/?s={search_term_string}"},"query-input":{"@type":"PropertyValueSpecification","valueRequired":true,"valueName":"search_term_string"}}],"inLanguage":"ca"}]}},"_links":{"self":[{"href":"https:\/\/www.moblesgallent.com\/ca\/wp-json\/wp\/v2\/pages\/659","targetHints":{"allow":["GET"]}}],"collection":[{"href":"https:\/\/www.moblesgallent.com\/ca\/wp-json\/wp\/v2\/pages"}],"about":[{"href":"https:\/\/www.moblesgallent.com\/ca\/wp-json\/wp\/v2\/types\/page"}],"author":[{"embeddable":true,"href":"https:\/\/www.moblesgallent.com\/ca\/wp-json\/wp\/v2\/users\/1"}],"replies":[{"embeddable":true,"href":"https:\/\/www.moblesgallent.com\/ca\/wp-json\/wp\/v2\/comments?post=659"}],"version-history":[{"count":15,"href":"https:\/\/www.moblesgallent.com\/ca\/wp-json\/wp\/v2\/pages\/659\/revisions"}],"predecessor-version":[{"id":1949,"href":"https:\/\/www.moblesgallent.com\/ca\/wp-json\/wp\/v2\/pages\/659\/revisions\/1949"}],"wp:featuredmedia":[{"embeddable":true,"href":"https:\/\/www.moblesgallent.com\/ca\/wp-json\/wp\/v2\/media\/523"}],"wp:attachment":[{"href":"https:\/\/www.moblesgallent.com\/ca\/wp-json\/wp\/v2\/media?parent=659"}],"curies":[{"name":"wp","href":"https:\/\/api.w.org\/{rel}","templated":true}]}}