{"id":450,"date":"2016-03-07T17:20:14","date_gmt":"2016-03-07T17:20:14","guid":{"rendered":"http:\/\/www.moblesgallent.com\/?page_id=450"},"modified":"2025-08-14T17:20:47","modified_gmt":"2025-08-14T17:20:47","slug":"diseno-de-interiores-en-tarragona","status":"publish","type":"page","link":"https:\/\/www.moblesgallent.com\/ca\/diseno-de-interiores-en-tarragona\/","title":{"rendered":"Reformas y dise\u00f1o de interiores"},"content":{"rendered":"<p>[et_pb_section fb_built=\u00bb1&#8243; custom_padding_last_edited=\u00bbon|desktop\u00bb admin_label=\u00bbSecci\u00f3n\u00bb _builder_version=\u00bb4.16&#8243; background_color=\u00bb#dddddd\u00bb custom_padding_tablet=\u00bb50px|0|50px|0&#8243; custom_padding_phone=\u00bb\u00bb transparent_background=\u00bboff\u00bb padding_mobile=\u00bboff\u00bb global_colors_info=\u00bb{}\u00bb][et_pb_row admin_label=\u00bbFila\u00bb _builder_version=\u00bb4.16&#8243; background_size=\u00bbinitial\u00bb background_position=\u00bbtop_left\u00bb background_repeat=\u00bbrepeat\u00bb global_colors_info=\u00bb{}\u00bb][et_pb_column type=\u00bb4_4&#8243; _builder_version=\u00bb4.16&#8243; custom_padding=\u00bb|||\u00bb global_colors_info=\u00bb{}\u00bb custom_padding__hover=\u00bb|||\u00bb][et_pb_text admin_label=\u00bbTexto\u00bb _builder_version=\u00bb4.16&#8243; background_size=\u00bbinitial\u00bb background_position=\u00bbtop_left\u00bb background_repeat=\u00bbrepeat\u00bb use_border_color=\u00bboff\u00bb border_color=\u00bb#ffffff\u00bb border_style=\u00bbsolid\u00bb global_colors_info=\u00bb{}\u00bb]<\/p>\n<h1 style=\"text-align: center;\">Reformas y\u00a0dise\u00f1o de interiores en Tarragona<\/h1>\n<p>[\/et_pb_text][\/et_pb_column][\/et_pb_row][\/et_pb_section][et_pb_section fb_built=\u00bb1&#8243; admin_label=\u00bbSecci\u00f3n\u00bb _builder_version=\u00bb4.16&#8243; global_colors_info=\u00bb{}\u00bb][et_pb_row column_structure=\u00bb2_3,1_3&#8243; admin_label=\u00bbFila\u00bb _builder_version=\u00bb4.16&#8243; background_size=\u00bbinitial\u00bb background_position=\u00bbtop_left\u00bb background_repeat=\u00bbrepeat\u00bb global_colors_info=\u00bb{}\u00bb][et_pb_column type=\u00bb2_3&#8243; _builder_version=\u00bb4.16&#8243; custom_padding=\u00bb|||\u00bb global_colors_info=\u00bb{}\u00bb custom_padding__hover=\u00bb|||\u00bb][et_pb_text admin_label=\u00bbTexto\u00bb _builder_version=\u00bb4.16&#8243; background_size=\u00bbinitial\u00bb background_position=\u00bbtop_left\u00bb background_repeat=\u00bbrepeat\u00bb use_border_color=\u00bboff\u00bb border_color=\u00bb#ffffff\u00bb border_style=\u00bbsolid\u00bb global_colors_info=\u00bb{}\u00bb]<\/p>\n<div style=\"text-align: justify;\">\n<h2>\u00bfQuieres realizar algunas reformas de dise\u00f1o en Tarragona?<\/h2>\n<p>Cuando buscas las mejores <strong>reformas de dise\u00f1o en Tarragona<\/strong> necesitas una empresa con experiencia en todas las \u00e1reas de la reforma como Mobles Gallent.<\/p>\n<p>En Mobles Gallent somos expertos en proyectos y obras de reforma total o parcial de viviendas. Desarrollamos soluciones personalizadas, con el\u00a0asesoramiento t\u00e9cnico necesario y\u00a0supervisi\u00f3n de las obras atendiendo a la correcta ejecuci\u00f3n y la seguridad.<\/p>\n<\/div>\n<p>[\/et_pb_text][\/et_pb_column][et_pb_column type=\u00bb1_3&#8243; _builder_version=\u00bb4.16&#8243; custom_padding=\u00bb|||\u00bb global_colors_info=\u00bb{}\u00bb custom_padding__hover=\u00bb|||\u00bb][et_pb_image src=\u00bbhttps:\/\/www.moblesgallent.com\/wp-content\/uploads\/2016\/02\/olite3.jpg\u00bb alt=\u00bbreformas y dise\u00f1o de interiores en Tarragona\u00bb title_text=\u00bbreformas de dise\u00f1o en tarragona\u00bb align=\u00bbcenter\u00bb align_tablet=\u00bbcenter\u00bb align_phone=\u00bb\u00bb align_last_edited=\u00bbon|phone\u00bb admin_label=\u00bbImagen\u00bb _builder_version=\u00bb4.16&#8243; animation_style=\u00bbslide\u00bb animation_direction=\u00bbleft\u00bb animation_duration=\u00bb500ms\u00bb animation_intensity_slide=\u00bb10%\u00bb use_border_color=\u00bboff\u00bb border_color=\u00bb#ffffff\u00bb border_style=\u00bbsolid\u00bb animation=\u00bbleft\u00bb sticky=\u00bboff\u00bb global_colors_info=\u00bb{}\u00bb][\/et_pb_image][\/et_pb_column][\/et_pb_row][et_pb_row admin_label=\u00bbFila\u00bb _builder_version=\u00bb4.16&#8243; background_size=\u00bbinitial\u00bb background_position=\u00bbtop_left\u00bb background_repeat=\u00bbrepeat\u00bb global_colors_info=\u00bb{}\u00bb][et_pb_column type=\u00bb4_4&#8243; _builder_version=\u00bb4.16&#8243; custom_padding=\u00bb|||\u00bb global_colors_info=\u00bb{}\u00bb custom_padding__hover=\u00bb|||\u00bb][et_pb_text admin_label=\u00bbTexto\u00bb _builder_version=\u00bb4.16&#8243; background_size=\u00bbinitial\u00bb background_position=\u00bbtop_left\u00bb background_repeat=\u00bbrepeat\u00bb use_border_color=\u00bboff\u00bb border_color=\u00bb#ffffff\u00bb border_style=\u00bbsolid\u00bb global_colors_info=\u00bb{}\u00bb]<\/p>\n<div style=\"text-align: justify;\">\n<h2>Como trabajamos<\/h2>\n<p>Afrontar la reforma de una vivienda o\u00a0 la decoraci\u00f3n de un espacio requiere de <strong>definici\u00f3n y desarrollo de un proyecto<\/strong>\u00a0en una primera fase. Y no cualquier proyecto, sino un proyecto personalizado que entienda y cumpla con las expectativas\u00a0 y necesidades de nuestros clientes. Por ello nos reunimos con nuestros clientes, conocemos todas sus expectativas, respeto a su reforma, y establecemos todos los detalles. A partir del proyecto establecido ofrecemos un presupuesto ajustado a los trabajos definidos anteriormente.<\/p>\n<p>En una segunda fase, si el cliente es conforme con el presupuesto ofrecido, pasamos a la ejecuci\u00f3n de la reforma. Para una correcta ejecuci\u00f3n, en Mobles Gallent contamos con un equipo de construcci\u00f3n con amplia experiencia. Tambi\u00e9n contamos con toda una red de proveedores seleccionados por la calidad y durabilidad de sus productos. Somos comprometidos con la calidad en cada proyecto de reforma e interiorismo.<\/p>\n<h3>\u00a0<\/h3>\n<h3>Expertos en reformas de cocinas de dise\u00f1o en Tarragona<\/h3>\n<p>Si quieres crear una cocina de dise\u00f1o no dudes en contactar con nosotros. Somos fabricantes de <a href=\"\/muebles-de-cocina-tarragona\/\">muebles de cocina<\/a> de alta calidad. Ofrecemos calidad, instalaci\u00f3n con m\u00e1ximo cuidado de los detalles y acabados inmejorables. Creamos la cocina de tus sue\u00f1os con eficiencia y rapidez.<\/p>\n<h3>Las mejores reformas de ba\u00f1os de dise\u00f1o en Tarragona<\/h3>\n<p>Somos expertos en reformas para crear ba\u00f1os funcionales y est\u00e9ticos y ofrecemos la mejor selecci\u00f3n de <a href=\"\/banos-mobles-gallent-tarragona\/\">muebles de ba\u00f1o<\/a> de fabricaci\u00f3n nacional con relaci\u00f3n calidad\/precio imbatible.<\/p>\n<p>&nbsp;<\/p>\n<\/div>\n<p>[\/et_pb_text][\/et_pb_column][\/et_pb_row][\/et_pb_section][et_pb_section fb_built=\u00bb1&#8243; _builder_version=\u00bb4.25.0&#8243; _module_preset=\u00bbdefault\u00bb background_color=\u00bb#dddddd\u00bb custom_padding=\u00bb||0px||false|false\u00bb global_colors_info=\u00bb{}\u00bb global_module=\u00bb1992&#8243; theme_builder_area=\u00bbpost_content\u00bb][et_pb_row column_structure=\u00bb1_4,1_4,1_4,1_4&#8243; _builder_version=\u00bb4.16&#8243; _module_preset=\u00bbdefault\u00bb global_colors_info=\u00bb{}\u00bb theme_builder_area=\u00bbpost_content\u00bb][et_pb_column type=\u00bb1_4&#8243; _builder_version=\u00bb4.16&#8243; _module_preset=\u00bbdefault\u00bb global_colors_info=\u00bb{}\u00bb theme_builder_area=\u00bbpost_content\u00bb][et_pb_text _builder_version=\u00bb4.25.0&#8243; _module_preset=\u00bbdefault\u00bb global_colors_info=\u00bb{}\u00bb theme_builder_area=\u00bbpost_content\u00bb]<\/p>\n<h4><strong>Mobles Gallent Tarragona<\/strong><\/h4>\n<p><strong><\/strong><\/p>\n<p>Carrer de Jaume I, 12,<br \/>\n43005 Tarragona[\/et_pb_text][\/et_pb_column][et_pb_column type=\u00bb1_4&#8243; _builder_version=\u00bb4.16&#8243; _module_preset=\u00bbdefault\u00bb global_colors_info=\u00bb{}\u00bb theme_builder_area=\u00bbpost_content\u00bb][et_pb_text _builder_version=\u00bb4.16&#8243; _module_preset=\u00bbdefault\u00bb global_colors_info=\u00bb{}\u00bb theme_builder_area=\u00bbpost_content\u00bb]<\/p>\n<h4><strong>Horario<\/strong><\/h4>\n<p><strong><\/strong><\/p>\n<p><strong>Lunes a Viernes:\u00a0<\/strong> de 9 a 13 h &#8211; 16 a 19 h<br \/> <strong>S\u00e1bado:<\/strong> s\u00f3lo con cita previa<\/p>\n<p>[\/et_pb_text][\/et_pb_column][et_pb_column type=\u00bb1_4&#8243; _builder_version=\u00bb4.16&#8243; _module_preset=\u00bbdefault\u00bb global_colors_info=\u00bb{}\u00bb theme_builder_area=\u00bbpost_content\u00bb][et_pb_text _builder_version=\u00bb4.16&#8243; _module_preset=\u00bbdefault\u00bb locked=\u00bboff\u00bb global_colors_info=\u00bb{}\u00bb theme_builder_area=\u00bbpost_content\u00bb]<\/p>\n<h4><strong>Datos de contacto<\/strong><\/h4>\n<p><strong><\/strong><\/p>\n<p>Tel. <strong><a href=\"tel:\/\/645914130\">645914130<\/a><\/strong> &#8211;\u00a0<strong><a href=\"https:\/\/www.moblesgallent.com\/977%20524%20343\"><span id=\"et-info-phone\">653 476 038<\/span><\/a><\/strong><strong><span><br \/> <\/span><\/strong>Correo: info@moblesgallent.com<\/p>\n<p>[\/et_pb_text][\/et_pb_column][et_pb_column type=\u00bb1_4&#8243; _builder_version=\u00bb4.16&#8243; _module_preset=\u00bbdefault\u00bb global_colors_info=\u00bb{}\u00bb theme_builder_area=\u00bbpost_content\u00bb][et_pb_text _builder_version=\u00bb4.16&#8243; _module_preset=\u00bbdefault\u00bb global_colors_info=\u00bb{}\u00bb theme_builder_area=\u00bbpost_content\u00bb]<\/p>\n<h3><strong>S\u00edguenos en<\/strong><\/h3>\n<p>[\/et_pb_text][et_pb_social_media_follow _builder_version=\u00bb4.16&#8243; _module_preset=\u00bbdefault\u00bb global_colors_info=\u00bb{}\u00bb theme_builder_area=\u00bbpost_content\u00bb][et_pb_social_media_follow_network social_network=\u00bbfacebook\u00bb url=\u00bbhttps:\/\/www.facebook.com\/Mobles-Gallent-316146838468985&#8243; _builder_version=\u00bb4.16&#8243; _module_preset=\u00bbdefault\u00bb background_color=\u00bb#3b5998&#8243; global_colors_info=\u00bb{}\u00bb theme_builder_area=\u00bbpost_content\u00bb follow_button=\u00bboff\u00bb url_new_window=\u00bbon\u00bb]facebook[\/et_pb_social_media_follow_network][et_pb_social_media_follow_network social_network=\u00bbinstagram\u00bb url=\u00bbhttps:\/\/www.instagram.com\/moblesgallent\/\u00bb _builder_version=\u00bb4.16&#8243; _module_preset=\u00bbdefault\u00bb background_color=\u00bb#ea2c59&#8243; global_colors_info=\u00bb{}\u00bb theme_builder_area=\u00bbpost_content\u00bb follow_button=\u00bboff\u00bb url_new_window=\u00bbon\u00bb]instagram[\/et_pb_social_media_follow_network][et_pb_social_media_follow_network social_network=\u00bbgoogle-plus\u00bb url=\u00bbhttps:\/\/goo.gl\/maps\/poV2WxdUh8o\u00bb _builder_version=\u00bb4.16&#8243; _module_preset=\u00bbdefault\u00bb background_color=\u00bb#dd4b39&#8243; global_colors_info=\u00bb{}\u00bb theme_builder_area=\u00bbpost_content\u00bb follow_button=\u00bboff\u00bb url_new_window=\u00bbon\u00bb]google-plus[\/et_pb_social_media_follow_network][\/et_pb_social_media_follow][\/et_pb_column][\/et_pb_row][et_pb_row padding_mobile=\u00bboff\u00bb column_padding_mobile=\u00bbon\u00bb admin_label=\u00bbFila\u00bb _builder_version=\u00bb4.25.0&#8243; background_color=\u00bb#FFFFFF\u00bb background_size=\u00bbinitial\u00bb background_position=\u00bbtop_left\u00bb background_repeat=\u00bbrepeat\u00bb width=\u00bb100%\u00bb max_width=\u00bb100%\u00bb module_alignment=\u00bbcenter\u00bb custom_margin=\u00bb||||false|false\u00bb global_colors_info=\u00bb{}\u00bb theme_builder_area=\u00bbpost_content\u00bb][et_pb_column type=\u00bb4_4&#8243; _builder_version=\u00bb4.16&#8243; custom_padding=\u00bb|||\u00bb global_colors_info=\u00bb{}\u00bb custom_padding__hover=\u00bb|||\u00bb theme_builder_area=\u00bbpost_content\u00bb][et_pb_text admin_label=\u00bbTexto\u00bb _builder_version=\u00bb4.16&#8243; text_font=\u00bb|600|||||||\u00bb text_text_color=\u00bb#000000&#8243; link_font=\u00bb|600|||||||\u00bb link_text_color=\u00bb#000000&#8243; background_size=\u00bbinitial\u00bb background_position=\u00bbtop_left\u00bb background_repeat=\u00bbrepeat\u00bb text_orientation=\u00bbcenter\u00bb custom_css_main_element=\u00bbopacity:.6;\u00bb use_border_color=\u00bboff\u00bb border_color=\u00bb#ffffff\u00bb border_style=\u00bbsolid\u00bb global_colors_info=\u00bb{}\u00bb theme_builder_area=\u00bbpost_content\u00bb]<\/p>\n<p><a class=\"footer3\" href=\"http:\/\/www.deltacocinas.com\" rel=\"nofollow\">Deltacocinas\u00a0\u00a0 &#8211; \u00a0<\/a> <a class=\"footer3\" href=\"http:\/\/www.neff.es\/\" rel=\"nofollow\">Siemens<\/a><a class=\"footer3\" href=\"http:\/\/www.neff.es\/\" rel=\"nofollow\">Neff\u00a0 &#8211;<\/a>\u00a0 <a class=\"footer3\" href=\"http:\/\/www.bosch-home.es\/\" rel=\"nofollow\">Bosch<\/a>\u00a0 &#8211;\u00a0 <a class=\"footer3\" href=\"http:\/\/www.balay.es\/\" rel=\"nofollow\">Balay\u00a0<\/a> &#8211; <a class=\"footer3\" href=\"http:\/\/www.smeg.es\/\" rel=\"nofollow\">Smeg\u00a0<\/a> &#8211; <a class=\"footer3\" href=\"http:\/\/www.franke.com\/kitchensystems\/es\/es\/home.html\" rel=\"nofollow\">Franke\u00a0<\/a> &#8211;\u00a0 <a class=\"footer3\" href=\"http:\/\/www.blanco-germany.com\/es\/es\/home.html\" rel=\"nofollow\">Blanco<\/a> &#8211; <a class=\"footer3\" href=\"https:\/\/www.gutmann-exklusiv.de\/es\/\" rel=\"nofollow\">Gutmann<\/a> &#8211; <a class=\"footer3\" href=\"http:\/\/elica.com\/ES-es\" rel=\"nofollow\">Elica <\/a>&#8211; <a class=\"footer3\" href=\"http:\/\/www.ondarreta.com\/\" rel=\"nofollow\">Ondarreta<\/a> &#8211; <a class=\"footer3\" href=\"http:\/\/www.silestone.es\" rel=\"nofollow\">Silestone<\/a> &#8211; <a class=\"footer3\" href=\"http:\/\/www.thesize.es\/\" rel=\"nofollow\">Neolith<\/a>\u00a0&#8211; Peque\u00f1os electrodom\u00e9sticos de dise\u00f1o Bugatti<\/p>\n<p>[\/et_pb_text][\/et_pb_column][\/et_pb_row][\/et_pb_section]<\/p>","protected":false},"excerpt":{"rendered":"<p>Reformas y\u00a0dise\u00f1o de interiores en Tarragona \u00bfQuieres realizar algunas reformas de dise\u00f1o en Tarragona? Cuando buscas las mejores reformas de dise\u00f1o en Tarragona necesitas una empresa con experiencia en todas las \u00e1reas de la reforma como Mobles Gallent. En Mobles Gallent somos expertos en proyectos y obras de reforma total o parcial de viviendas. Desarrollamos [&hellip;]<\/p>","protected":false},"author":1,"featured_media":119,"parent":0,"menu_order":0,"comment_status":"closed","ping_status":"closed","template":"","meta":{"_et_pb_use_builder":"on","_et_pb_old_content":"","_et_gb_content_width":"","footnotes":""},"class_list":["post-450","page","type-page","status-publish","has-post-thumbnail","hentry"],"yoast_head":"<!-- This site is optimized with the Yoast SEO plugin v27.1.1 - https:\/\/yoast.com\/product\/yoast-seo-wordpress\/ -->\n<title>Reformas de dise\u00f1o en Tarragona - muebles y dise\u00f1o de interiores<\/title>\n<meta name=\"description\" content=\"Reformas de dise\u00f1o en Tarragona - tr\u00e1enos tu idea o ven a consultar con nuestros dise\u00f1adores para hacer realidad tu proyecto.\" \/>\n<meta name=\"robots\" content=\"index, follow, max-snippet:-1, max-image-preview:large, max-video-preview:-1\" \/>\n<link rel=\"canonical\" href=\"https:\/\/www.moblesgallent.com\/ca\/diseno-de-interiores-en-tarragona\/\" \/>\n<meta property=\"og:locale\" content=\"ca_ES\" \/>\n<meta property=\"og:type\" content=\"article\" \/>\n<meta property=\"og:title\" content=\"Reformas de dise\u00f1o en Tarragona - muebles y dise\u00f1o de interiores\" \/>\n<meta property=\"og:description\" content=\"Reformas de dise\u00f1o en Tarragona - tr\u00e1enos tu idea o ven a consultar con nuestros dise\u00f1adores para hacer realidad tu proyecto.\" \/>\n<meta property=\"og:url\" content=\"https:\/\/www.moblesgallent.com\/ca\/diseno-de-interiores-en-tarragona\/\" \/>\n<meta property=\"og:site_name\" content=\"Mobles Gallent | mobiliario de cocina | mobiliario de ba\u00f1o | mobiliario de sal\u00f3n | armarios | Reformas y dise\u00f1os de interiores en Tarragona\" \/>\n<meta property=\"article:modified_time\" content=\"2025-08-14T17:20:47+00:00\" \/>\n<meta property=\"og:image\" content=\"https:\/\/www.moblesgallent.com\/wp-content\/uploads\/2016\/02\/REFORMAS.png\" \/>\n\t<meta property=\"og:image:width\" content=\"500\" \/>\n\t<meta property=\"og:image:height\" content=\"350\" \/>\n\t<meta property=\"og:image:type\" content=\"image\/png\" \/>\n<meta name=\"twitter:card\" content=\"summary_large_image\" \/>\n<meta name=\"twitter:label1\" content=\"Temps estimat de lectura\" \/>\n\t<meta name=\"twitter:data1\" content=\"6 minuts\" \/>\n<script type=\"application\/ld+json\" class=\"yoast-schema-graph\">{\"@context\":\"https:\/\/schema.org\",\"@graph\":[{\"@type\":\"WebPage\",\"@id\":\"https:\/\/www.moblesgallent.com\/diseno-de-interiores-en-tarragona\/\",\"url\":\"https:\/\/www.moblesgallent.com\/diseno-de-interiores-en-tarragona\/\",\"name\":\"Reformas de dise\u00f1o en Tarragona - muebles y dise\u00f1o de interiores\",\"isPartOf\":{\"@id\":\"https:\/\/www.moblesgallent.com\/#website\"},\"primaryImageOfPage\":{\"@id\":\"https:\/\/www.moblesgallent.com\/diseno-de-interiores-en-tarragona\/#primaryimage\"},\"image\":{\"@id\":\"https:\/\/www.moblesgallent.com\/diseno-de-interiores-en-tarragona\/#primaryimage\"},\"thumbnailUrl\":\"https:\/\/www.moblesgallent.com\/wp-content\/uploads\/2016\/02\/REFORMAS.png\",\"datePublished\":\"2016-03-07T17:20:14+00:00\",\"dateModified\":\"2025-08-14T17:20:47+00:00\",\"description\":\"Reformas de dise\u00f1o en Tarragona - tr\u00e1enos tu idea o ven a consultar con nuestros dise\u00f1adores para hacer realidad tu proyecto.\",\"breadcrumb\":{\"@id\":\"https:\/\/www.moblesgallent.com\/diseno-de-interiores-en-tarragona\/#breadcrumb\"},\"inLanguage\":\"ca\",\"potentialAction\":[{\"@type\":\"ReadAction\",\"target\":[\"https:\/\/www.moblesgallent.com\/diseno-de-interiores-en-tarragona\/\"]}]},{\"@type\":\"ImageObject\",\"inLanguage\":\"ca\",\"@id\":\"https:\/\/www.moblesgallent.com\/diseno-de-interiores-en-tarragona\/#primaryimage\",\"url\":\"https:\/\/www.moblesgallent.com\/wp-content\/uploads\/2016\/02\/REFORMAS.png\",\"contentUrl\":\"https:\/\/www.moblesgallent.com\/wp-content\/uploads\/2016\/02\/REFORMAS.png\",\"width\":500,\"height\":350,\"caption\":\"Reformas Integrales de viviendas | Reformas Integrales en Tarragona\"},{\"@type\":\"BreadcrumbList\",\"@id\":\"https:\/\/www.moblesgallent.com\/diseno-de-interiores-en-tarragona\/#breadcrumb\",\"itemListElement\":[{\"@type\":\"ListItem\",\"position\":1,\"name\":\"Portada\",\"item\":\"https:\/\/www.moblesgallent.com\/\"},{\"@type\":\"ListItem\",\"position\":2,\"name\":\"Reformas y dise\u00f1o de interiores\"}]},{\"@type\":\"WebSite\",\"@id\":\"https:\/\/www.moblesgallent.com\/#website\",\"url\":\"https:\/\/www.moblesgallent.com\/\",\"name\":\"Mobles Gallent | mobiliario de cocina | mobiliario de ba\u00f1o | mobiliario de sal\u00f3n | armarios | Reformas y dise\u00f1os de interiores en Tarragona\",\"description\":\"Otro sitio realizado con Soft Optimiza Digital Media Empresas\",\"potentialAction\":[{\"@type\":\"SearchAction\",\"target\":{\"@type\":\"EntryPoint\",\"urlTemplate\":\"https:\/\/www.moblesgallent.com\/?s={search_term_string}\"},\"query-input\":{\"@type\":\"PropertyValueSpecification\",\"valueRequired\":true,\"valueName\":\"search_term_string\"}}],\"inLanguage\":\"ca\"}]}<\/script>\n<!-- \/ Yoast SEO plugin. -->","yoast_head_json":{"title":"Reformas de dise\u00f1o en Tarragona - muebles y dise\u00f1o de interiores","description":"Reformas de dise\u00f1o en Tarragona - tr\u00e1enos tu idea o ven a consultar con nuestros dise\u00f1adores para hacer realidad tu proyecto.","robots":{"index":"index","follow":"follow","max-snippet":"max-snippet:-1","max-image-preview":"max-image-preview:large","max-video-preview":"max-video-preview:-1"},"canonical":"https:\/\/www.moblesgallent.com\/ca\/diseno-de-interiores-en-tarragona\/","og_locale":"ca_ES","og_type":"article","og_title":"Reformas de dise\u00f1o en Tarragona - muebles y dise\u00f1o de interiores","og_description":"Reformas de dise\u00f1o en Tarragona - tr\u00e1enos tu idea o ven a consultar con nuestros dise\u00f1adores para hacer realidad tu proyecto.","og_url":"https:\/\/www.moblesgallent.com\/ca\/diseno-de-interiores-en-tarragona\/","og_site_name":"Mobles Gallent | mobiliario de cocina | mobiliario de ba\u00f1o | mobiliario de sal\u00f3n | armarios | Reformas y dise\u00f1os de interiores en Tarragona","article_modified_time":"2025-08-14T17:20:47+00:00","og_image":[{"width":500,"height":350,"url":"https:\/\/www.moblesgallent.com\/wp-content\/uploads\/2016\/02\/REFORMAS.png","type":"image\/png"}],"twitter_card":"summary_large_image","twitter_misc":{"Temps estimat de lectura":"6 minuts"},"schema":{"@context":"https:\/\/schema.org","@graph":[{"@type":"WebPage","@id":"https:\/\/www.moblesgallent.com\/diseno-de-interiores-en-tarragona\/","url":"https:\/\/www.moblesgallent.com\/diseno-de-interiores-en-tarragona\/","name":"Reformas de dise\u00f1o en Tarragona - muebles y dise\u00f1o de interiores","isPartOf":{"@id":"https:\/\/www.moblesgallent.com\/#website"},"primaryImageOfPage":{"@id":"https:\/\/www.moblesgallent.com\/diseno-de-interiores-en-tarragona\/#primaryimage"},"image":{"@id":"https:\/\/www.moblesgallent.com\/diseno-de-interiores-en-tarragona\/#primaryimage"},"thumbnailUrl":"https:\/\/www.moblesgallent.com\/wp-content\/uploads\/2016\/02\/REFORMAS.png","datePublished":"2016-03-07T17:20:14+00:00","dateModified":"2025-08-14T17:20:47+00:00","description":"Reformas de dise\u00f1o en Tarragona - tr\u00e1enos tu idea o ven a consultar con nuestros dise\u00f1adores para hacer realidad tu proyecto.","breadcrumb":{"@id":"https:\/\/www.moblesgallent.com\/diseno-de-interiores-en-tarragona\/#breadcrumb"},"inLanguage":"ca","potentialAction":[{"@type":"ReadAction","target":["https:\/\/www.moblesgallent.com\/diseno-de-interiores-en-tarragona\/"]}]},{"@type":"ImageObject","inLanguage":"ca","@id":"https:\/\/www.moblesgallent.com\/diseno-de-interiores-en-tarragona\/#primaryimage","url":"https:\/\/www.moblesgallent.com\/wp-content\/uploads\/2016\/02\/REFORMAS.png","contentUrl":"https:\/\/www.moblesgallent.com\/wp-content\/uploads\/2016\/02\/REFORMAS.png","width":500,"height":350,"caption":"Reformas Integrales de viviendas | Reformas Integrales en Tarragona"},{"@type":"BreadcrumbList","@id":"https:\/\/www.moblesgallent.com\/diseno-de-interiores-en-tarragona\/#breadcrumb","itemListElement":[{"@type":"ListItem","position":1,"name":"Portada","item":"https:\/\/www.moblesgallent.com\/"},{"@type":"ListItem","position":2,"name":"Reformas y dise\u00f1o de interiores"}]},{"@type":"WebSite","@id":"https:\/\/www.moblesgallent.com\/#website","url":"https:\/\/www.moblesgallent.com\/","name":"Mobles Gallent | mobiliario de cocina | mobiliario de ba\u00f1o | mobiliario de sal\u00f3n | armarios | Reformas y dise\u00f1os de interiores en Tarragona","description":"Otro sitio realizado con Soft Optimiza Digital Media Empresas","potentialAction":[{"@type":"SearchAction","target":{"@type":"EntryPoint","urlTemplate":"https:\/\/www.moblesgallent.com\/?s={search_term_string}"},"query-input":{"@type":"PropertyValueSpecification","valueRequired":true,"valueName":"search_term_string"}}],"inLanguage":"ca"}]}},"_links":{"self":[{"href":"https:\/\/www.moblesgallent.com\/ca\/wp-json\/wp\/v2\/pages\/450","targetHints":{"allow":["GET"]}}],"collection":[{"href":"https:\/\/www.moblesgallent.com\/ca\/wp-json\/wp\/v2\/pages"}],"about":[{"href":"https:\/\/www.moblesgallent.com\/ca\/wp-json\/wp\/v2\/types\/page"}],"author":[{"embeddable":true,"href":"https:\/\/www.moblesgallent.com\/ca\/wp-json\/wp\/v2\/users\/1"}],"replies":[{"embeddable":true,"href":"https:\/\/www.moblesgallent.com\/ca\/wp-json\/wp\/v2\/comments?post=450"}],"version-history":[{"count":18,"href":"https:\/\/www.moblesgallent.com\/ca\/wp-json\/wp\/v2\/pages\/450\/revisions"}],"predecessor-version":[{"id":2019,"href":"https:\/\/www.moblesgallent.com\/ca\/wp-json\/wp\/v2\/pages\/450\/revisions\/2019"}],"wp:featuredmedia":[{"embeddable":true,"href":"https:\/\/www.moblesgallent.com\/ca\/wp-json\/wp\/v2\/media\/119"}],"wp:attachment":[{"href":"https:\/\/www.moblesgallent.com\/ca\/wp-json\/wp\/v2\/media?parent=450"}],"curies":[{"name":"wp","href":"https:\/\/api.w.org\/{rel}","templated":true}]}}